{"id":2,"date":"2021-04-20T07:49:50","date_gmt":"2021-04-20T07:49:50","guid":{"rendered":"https:\/\/systeam-oberland.de\/?page_id=2"},"modified":"2021-04-20T10:58:32","modified_gmt":"2021-04-20T10:58:32","slug":"sample-page","status":"publish","type":"page","link":"https:\/\/systeam-oberland.de\/","title":{"rendered":"Daten"},"content":{"rendered":"\n<p>SysTeam Oberland GmbH<\/p>\n\n\n\n<p>Buchsteinweg 18b<\/p>\n\n\n\n<p>83661 Lenggries<\/p>\n\n\n\n<p>0176 55669313<\/p>\n\n\n\n<p>info@systeam-oberland.de<\/p>\n\n\n\n<p>HRB 142814 Amtsgericht M\u00fcnchen<\/p>\n\n\n\n<p>Benedikt Fischer<\/p>\n\n\n\n<p>Gesch\u00e4ftsf\u00fchrer<\/p>\n\n\n\n<p>b.fischer@systeam-oberland.de<\/p>\n\n\n\n<blockquote class=\"wp-block-quote is-layout-flow wp-block-quote-is-layout-flow\"><p><\/p><\/blockquote>\n\n\n\n<p><\/p>\n","protected":false},"excerpt":{"rendered":"<p>SysTeam Oberland GmbH Buchsteinweg 18b 83661 Lenggries 0176 55669313 info@systeam-oberland.de HRB 142814 Amtsgericht M\u00fcnchen Benedikt Fischer Gesch\u00e4ftsf\u00fchrer b.fischer@systeam-oberland.de<\/p>\n","protected":false},"author":1,"featured_media":0,"parent":0,"menu_order":0,"comment_status":"closed","ping_status":"open","template":"","meta":{"footnotes":""},"class_list":["post-2","page","type-page","status-publish","hentry"],"yoast_head":"<!-- This site is optimized with the Yoast SEO plugin v27.5 - https:\/\/yoast.com\/product\/yoast-seo-wordpress\/ -->\n<title>Daten - SysTeam Oberland GmbH<\/title>\n<meta name=\"robots\" content=\"index, follow, max-snippet:-1, max-image-preview:large, max-video-preview:-1\" \/>\n<link rel=\"canonical\" href=\"https:\/\/systeam-oberland.de\/\" \/>\n<meta property=\"og:locale\" content=\"de_DE\" \/>\n<meta property=\"og:type\" content=\"article\" \/>\n<meta property=\"og:title\" content=\"Daten - SysTeam Oberland GmbH\" \/>\n<meta property=\"og:description\" content=\"SysTeam Oberland GmbH Buchsteinweg 18b 83661 Lenggries 0176 55669313 info@systeam-oberland.de HRB 142814 Amtsgericht M\u00fcnchen Benedikt Fischer Gesch\u00e4ftsf\u00fchrer b.fischer@systeam-oberland.de\" \/>\n<meta property=\"og:url\" content=\"https:\/\/systeam-oberland.de\/\" \/>\n<meta property=\"og:site_name\" content=\"SysTeam Oberland GmbH\" \/>\n<meta property=\"article:modified_time\" content=\"2021-04-20T10:58:32+00:00\" \/>\n<meta name=\"twitter:card\" content=\"summary_large_image\" \/>\n<meta name=\"twitter:label1\" content=\"Gesch\u00e4tzte Lesezeit\" \/>\n\t<meta name=\"twitter:data1\" content=\"1\u00a0Minute\" \/>\n<script type=\"application\/ld+json\" class=\"yoast-schema-graph\">{\"@context\":\"https:\\\/\\\/schema.org\",\"@graph\":[{\"@type\":\"WebPage\",\"@id\":\"https:\\\/\\\/systeam-oberland.de\\\/\",\"url\":\"https:\\\/\\\/systeam-oberland.de\\\/\",\"name\":\"Daten - SysTeam Oberland GmbH\",\"isPartOf\":{\"@id\":\"https:\\\/\\\/systeam-oberland.de\\\/#website\"},\"datePublished\":\"2021-04-20T07:49:50+00:00\",\"dateModified\":\"2021-04-20T10:58:32+00:00\",\"breadcrumb\":{\"@id\":\"https:\\\/\\\/systeam-oberland.de\\\/#breadcrumb\"},\"inLanguage\":\"de\",\"potentialAction\":[{\"@type\":\"ReadAction\",\"target\":[\"https:\\\/\\\/systeam-oberland.de\\\/\"]}]},{\"@type\":\"BreadcrumbList\",\"@id\":\"https:\\\/\\\/systeam-oberland.de\\\/#breadcrumb\",\"itemListElement\":[{\"@type\":\"ListItem\",\"position\":1,\"name\":\"Startseite\",\"item\":\"https:\\\/\\\/systeam-oberland.de\\\/\"},{\"@type\":\"ListItem\",\"position\":2,\"name\":\"Daten\"}]},{\"@type\":\"WebSite\",\"@id\":\"https:\\\/\\\/systeam-oberland.de\\\/#website\",\"url\":\"https:\\\/\\\/systeam-oberland.de\\\/\",\"name\":\"SysTeam Oberland GmbH\",\"description\":\"unsere Visitenkarte\",\"potentialAction\":[{\"@type\":\"SearchAction\",\"target\":{\"@type\":\"EntryPoint\",\"urlTemplate\":\"https:\\\/\\\/systeam-oberland.de\\\/?s={search_term_string}\"},\"query-input\":{\"@type\":\"PropertyValueSpecification\",\"valueRequired\":true,\"valueName\":\"search_term_string\"}}],\"inLanguage\":\"de\"}]}<\/script>\n<!-- \/ Yoast SEO plugin. -->","yoast_head_json":{"title":"Daten - SysTeam Oberland GmbH","robots":{"index":"index","follow":"follow","max-snippet":"max-snippet:-1","max-image-preview":"max-image-preview:large","max-video-preview":"max-video-preview:-1"},"canonical":"https:\/\/systeam-oberland.de\/","og_locale":"de_DE","og_type":"article","og_title":"Daten - SysTeam Oberland GmbH","og_description":"SysTeam Oberland GmbH Buchsteinweg 18b 83661 Lenggries 0176 55669313 info@systeam-oberland.de HRB 142814 Amtsgericht M\u00fcnchen Benedikt Fischer Gesch\u00e4ftsf\u00fchrer b.fischer@systeam-oberland.de","og_url":"https:\/\/systeam-oberland.de\/","og_site_name":"SysTeam Oberland GmbH","article_modified_time":"2021-04-20T10:58:32+00:00","twitter_card":"summary_large_image","twitter_misc":{"Gesch\u00e4tzte Lesezeit":"1\u00a0Minute"},"schema":{"@context":"https:\/\/schema.org","@graph":[{"@type":"WebPage","@id":"https:\/\/systeam-oberland.de\/","url":"https:\/\/systeam-oberland.de\/","name":"Daten - SysTeam Oberland GmbH","isPartOf":{"@id":"https:\/\/systeam-oberland.de\/#website"},"datePublished":"2021-04-20T07:49:50+00:00","dateModified":"2021-04-20T10:58:32+00:00","breadcrumb":{"@id":"https:\/\/systeam-oberland.de\/#breadcrumb"},"inLanguage":"de","potentialAction":[{"@type":"ReadAction","target":["https:\/\/systeam-oberland.de\/"]}]},{"@type":"BreadcrumbList","@id":"https:\/\/systeam-oberland.de\/#breadcrumb","itemListElement":[{"@type":"ListItem","position":1,"name":"Startseite","item":"https:\/\/systeam-oberland.de\/"},{"@type":"ListItem","position":2,"name":"Daten"}]},{"@type":"WebSite","@id":"https:\/\/systeam-oberland.de\/#website","url":"https:\/\/systeam-oberland.de\/","name":"SysTeam Oberland GmbH","description":"unsere Visitenkarte","potentialAction":[{"@type":"SearchAction","target":{"@type":"EntryPoint","urlTemplate":"https:\/\/systeam-oberland.de\/?s={search_term_string}"},"query-input":{"@type":"PropertyValueSpecification","valueRequired":true,"valueName":"search_term_string"}}],"inLanguage":"de"}]}},"_links":{"self":[{"href":"https:\/\/systeam-oberland.de\/index.php\/wp-json\/wp\/v2\/pages\/2","targetHints":{"allow":["GET"]}}],"collection":[{"href":"https:\/\/systeam-oberland.de\/index.php\/wp-json\/wp\/v2\/pages"}],"about":[{"href":"https:\/\/systeam-oberland.de\/index.php\/wp-json\/wp\/v2\/types\/page"}],"author":[{"embeddable":true,"href":"https:\/\/systeam-oberland.de\/index.php\/wp-json\/wp\/v2\/users\/1"}],"replies":[{"embeddable":true,"href":"https:\/\/systeam-oberland.de\/index.php\/wp-json\/wp\/v2\/comments?post=2"}],"version-history":[{"count":4,"href":"https:\/\/systeam-oberland.de\/index.php\/wp-json\/wp\/v2\/pages\/2\/revisions"}],"predecessor-version":[{"id":23,"href":"https:\/\/systeam-oberland.de\/index.php\/wp-json\/wp\/v2\/pages\/2\/revisions\/23"}],"wp:attachment":[{"href":"https:\/\/systeam-oberland.de\/index.php\/wp-json\/wp\/v2\/media?parent=2"}],"curies":[{"name":"wp","href":"https:\/\/api.w.org\/{rel}","templated":true}]}}